{"id":3385,"date":"2023-12-04T23:16:29","date_gmt":"2023-12-04T23:16:29","guid":{"rendered":"https:\/\/groupehoude.com\/a-propos\/"},"modified":"2025-01-16T08:12:06","modified_gmt":"2025-01-16T08:12:06","slug":"about-us","status":"publish","type":"page","link":"https:\/\/groupehoude.com\/en\/about-us\/","title":{"rendered":"About us"},"content":{"rendered":"\t\t<div data-elementor-type=\"wp-page\" data-elementor-id=\"3385\" class=\"elementor elementor-3385 elementor-606\" data-elementor-post-type=\"page\">\n\t\t\t\t<div data-particle_enable=\"false\" data-particle-mobile-disabled=\"false\" class=\"elementor-element elementor-element-7e7a4aff e-con-full e-flex e-con e-parent\" data-id=\"7e7a4aff\" data-element_type=\"container\" data-e-type=\"container\" data-settings=\"{&quot;background_background&quot;:&quot;classic&quot;}\">\n\t\t\t\t<\/div>\n\t\t<div data-particle_enable=\"false\" data-particle-mobile-disabled=\"false\" data-dce-background-color=\"#F6F4F1\" class=\"elementor-element elementor-element-30c18778 e-flex e-con-boxed e-con e-parent\" data-id=\"30c18778\" data-element_type=\"container\" data-e-type=\"container\" data-settings=\"{&quot;background_background&quot;:&quot;classic&quot;}\">\n\t\t\t\t\t<div class=\"e-con-inner\">\n\t\t<div data-particle_enable=\"false\" data-particle-mobile-disabled=\"false\" class=\"elementor-element elementor-element-452d7b45 e-con-full e-flex e-con e-child\" data-id=\"452d7b45\" data-element_type=\"container\" data-e-type=\"container\">\n\t\t\t\t<div class=\"elementor-element elementor-element-117654ab elementor-widget elementor-widget-heading\" data-id=\"117654ab\" data-element_type=\"widget\" data-e-type=\"widget\" data-widget_type=\"heading.default\">\n\t\t\t\t<div class=\"elementor-widget-container\">\n\t\t\t\t\t<h2 class=\"elementor-heading-title elementor-size-default\">Groupe Houde: Excellence in Residential Construction<\/h2>\t\t\t\t<\/div>\n\t\t\t\t<\/div>\n\t\t\t\t<\/div>\n\t\t\t\t\t<\/div>\n\t\t\t\t<\/div>\n\t\t<div data-particle_enable=\"false\" data-particle-mobile-disabled=\"false\" class=\"elementor-element elementor-element-4bdfdb7d e-flex e-con-boxed e-con e-parent\" data-id=\"4bdfdb7d\" data-element_type=\"container\" data-e-type=\"container\" data-settings=\"{&quot;background_background&quot;:&quot;classic&quot;}\">\n\t\t\t\t\t<div class=\"e-con-inner\">\n\t\t<div data-particle_enable=\"false\" data-particle-mobile-disabled=\"false\" class=\"elementor-element elementor-element-74ba6d0e e-con-full e-flex e-con e-child\" data-id=\"74ba6d0e\" data-element_type=\"container\" data-e-type=\"container\">\n\t\t\t\t<div class=\"elementor-element elementor-element-12f3a34b elementor-widget elementor-widget-text-editor\" data-id=\"12f3a34b\" data-element_type=\"widget\" data-e-type=\"widget\" data-widget_type=\"text-editor.default\">\n\t\t\t\t<div class=\"elementor-widget-container\">\n\t\t\t\t\t\t\t\t\t<p>Founded in 1988 by <strong>Jean Houde<\/strong>, Groupe Houde has established itself as a leader in the construction of high-quality townhouses. Our commitment to excellence and innovation has allowed us to create exceptional living spaces that combine aesthetics, functionality, and sustainability.<\/p>\t\t\t\t\t\t\t\t<\/div>\n\t\t\t\t<\/div>\n\t\t\t\t<div class=\"elementor-element elementor-element-140c98e9 elementor-widget elementor-widget-text-editor\" data-id=\"140c98e9\" data-element_type=\"widget\" data-e-type=\"widget\" data-widget_type=\"text-editor.default\">\n\t\t\t\t<div class=\"elementor-widget-container\">\n\t\t\t\t\t\t\t\t\t<p>Today, <strong>Jean Houde<\/strong>&#8216;s legacy and vision are carried on by his three sons, ensuring the continuity of our family values and our commitment to quality. This smooth transition allows us to combine years of acquired wisdom with new energy and innovative ideas.<\/p>\t\t\t\t\t\t\t\t<\/div>\n\t\t\t\t<\/div>\n\t\t\t\t<\/div>\n\t\t<div data-particle_enable=\"false\" data-particle-mobile-disabled=\"false\" class=\"elementor-element elementor-element-39377d e-con-full e-flex e-con e-child\" data-id=\"39377d\" data-element_type=\"container\" data-e-type=\"container\">\n\t\t\t\t<div class=\"elementor-element elementor-element-79508c6b dce_masking-none elementor-widget elementor-widget-image\" data-id=\"79508c6b\" data-element_type=\"widget\" data-e-type=\"widget\" data-widget_type=\"image.default\">\n\t\t\t\t<div class=\"elementor-widget-container\">\n\t\t\t\t\t\t\t\t\t\t\t\t\t\t\t<img fetchpriority=\"high\" decoding=\"async\" width=\"1544\" height=\"1080\" src=\"https:\/\/groupehoude.com\/wp-content\/uploads\/2024\/07\/a-propos-photo.jpg\" class=\"attachment-2048x2048 size-2048x2048 wp-image-4217\" alt=\"\" srcset=\"https:\/\/groupehoude.com\/wp-content\/uploads\/2024\/07\/a-propos-photo.jpg 1544w, https:\/\/groupehoude.com\/wp-content\/uploads\/2024\/07\/a-propos-photo-300x210.jpg 300w, https:\/\/groupehoude.com\/wp-content\/uploads\/2024\/07\/a-propos-photo-1024x716.jpg 1024w, https:\/\/groupehoude.com\/wp-content\/uploads\/2024\/07\/a-propos-photo-768x537.jpg 768w, https:\/\/groupehoude.com\/wp-content\/uploads\/2024\/07\/a-propos-photo-1536x1074.jpg 1536w\" sizes=\"(max-width: 1544px) 100vw, 1544px\" \/>\t\t\t\t\t\t\t\t\t\t\t\t\t\t\t<\/div>\n\t\t\t\t<\/div>\n\t\t\t\t<\/div>\n\t\t\t\t\t<\/div>\n\t\t\t\t<\/div>\n\t\t<div data-particle_enable=\"false\" data-particle-mobile-disabled=\"false\" class=\"elementor-element elementor-element-3aa5b262 e-flex e-con-boxed e-con e-parent\" data-id=\"3aa5b262\" data-element_type=\"container\" data-e-type=\"container\" data-settings=\"{&quot;background_background&quot;:&quot;classic&quot;}\">\n\t\t\t\t\t<div class=\"e-con-inner\">\n\t\t<div data-particle_enable=\"false\" data-particle-mobile-disabled=\"false\" class=\"elementor-element elementor-element-69efaad6 e-con-full e-flex e-con e-child\" data-id=\"69efaad6\" data-element_type=\"container\" data-e-type=\"container\">\n\t\t\t\t<div class=\"elementor-element elementor-element-11f605e2 elementor-widget elementor-widget-text-editor\" data-id=\"11f605e2\" data-element_type=\"widget\" data-e-type=\"widget\" data-widget_type=\"text-editor.default\">\n\t\t\t\t<div class=\"elementor-widget-container\">\n\t\t\t\t\t\t\t\t\t<p>Whether you&#8217;re looking for a detached house, townhouse, condo, or a prestigious residence, our team is here to assist you every step of the way. We put our expertise at your service to create the home of your dreams, perfectly tailored to your needs and lifestyle.<\/p>\t\t\t\t\t\t\t\t<\/div>\n\t\t\t\t<\/div>\n\t\t\t\t<div class=\"elementor-element elementor-element-1700eb27 elementor-widget elementor-widget-text-editor\" data-id=\"1700eb27\" data-element_type=\"widget\" data-e-type=\"widget\" data-widget_type=\"text-editor.default\">\n\t\t\t\t<div class=\"elementor-widget-container\">\n\t\t\t\t\t\t\t\t\t<p>Explore our site to discover our <a href=\"https:\/\/groupehoude.com\/en\/projects\/\">ongoing projects<\/a> and how we can help you bring your vision of a perfect home to life. If you&#8217;re looking for a home ready for immediate occupancy, check out our <a href=\"https:\/\/groupehoude.com\/en\/fast-occupancy\/\">selection of properties<\/a> available for you to move in right away.<\/p>\t\t\t\t\t\t\t\t<\/div>\n\t\t\t\t<\/div>\n\t\t\t\t<\/div>\n\t\t\t\t\t<\/div>\n\t\t\t\t<\/div>\n\t\t\t\t<\/div>\n\t\t","protected":false},"excerpt":{"rendered":"<p>Groupe Houde: Excellence in Residential Construction Founded in 1988 by Jean Houde, Groupe Houde has established itself as a leader in the construction of high-quality townhouses. Our commitment to excellence and innovation has allowed us to create exceptional living spaces that combine aesthetics, functionality, and sustainability. Today, Jean Houde&#8216;s legacy and vision are carried on [&hellip;]<\/p>\n","protected":false},"author":2,"featured_media":0,"parent":0,"menu_order":0,"comment_status":"closed","ping_status":"closed","template":"","meta":{"_acf_changed":false,"inline_featured_image":false,"_monsterinsights_skip_tracking":false,"_monsterinsights_sitenote_active":false,"_monsterinsights_sitenote_note":"","_monsterinsights_sitenote_category":0,"footnotes":""},"class_list":["post-3385","page","type-page","status-publish","hentry"],"acf":[],"yoast_head":"<!-- This site is optimized with the Yoast SEO Premium plugin v21.6 (Yoast SEO v27.3) - https:\/\/yoast.com\/product\/yoast-seo-premium-wordpress\/ -->\n<title>About Groupe Houde - Home Construction in Greater Montreal - Groupe Houde<\/title>\n<meta name=\"description\" content=\"Fort de plus de 35 ans d\u2019exp\u00e9rience dans la construction de maisons d\u00e9tach\u00e9es, en rang\u00e9e, condos et maisons de ville dans le grand Montr\u00e9al.\" \/>\n<meta name=\"robots\" content=\"index, follow, max-snippet:-1, max-image-preview:large, max-video-preview:-1\" \/>\n<link rel=\"canonical\" href=\"https:\/\/groupehoude.com\/en\/about-us\/\" \/>\n<meta property=\"og:locale\" content=\"en_US\" \/>\n<meta property=\"og:type\" content=\"article\" \/>\n<meta property=\"og:title\" content=\"About us\" \/>\n<meta property=\"og:description\" content=\"Fort de plus de 35 ans d\u2019exp\u00e9rience dans la construction de maisons d\u00e9tach\u00e9es, en rang\u00e9e, condos et maisons de ville dans le grand Montr\u00e9al.\" \/>\n<meta property=\"og:url\" content=\"https:\/\/groupehoude.com\/en\/about-us\/\" \/>\n<meta property=\"og:site_name\" content=\"Groupe Houde\" \/>\n<meta property=\"article:modified_time\" content=\"2025-01-16T08:12:06+00:00\" \/>\n<meta property=\"og:image\" content=\"https:\/\/groupehoude.com\/wp-content\/uploads\/2024\/07\/a-propos-photo.jpg\" \/>\n<meta name=\"twitter:card\" content=\"summary_large_image\" \/>\n<meta name=\"twitter:label1\" content=\"Est. reading time\" \/>\n\t<meta name=\"twitter:data1\" content=\"2 minutes\" \/>\n<script type=\"application\/ld+json\" class=\"yoast-schema-graph\">{\"@context\":\"https:\\\/\\\/schema.org\",\"@graph\":[{\"@type\":\"WebPage\",\"@id\":\"https:\\\/\\\/groupehoude.com\\\/en\\\/about-us\\\/\",\"url\":\"https:\\\/\\\/groupehoude.com\\\/en\\\/about-us\\\/\",\"name\":\"About Groupe Houde - Home Construction in Greater Montreal - Groupe Houde\",\"isPartOf\":{\"@id\":\"https:\\\/\\\/groupehoude.com\\\/en\\\/#website\"},\"primaryImageOfPage\":{\"@id\":\"https:\\\/\\\/groupehoude.com\\\/en\\\/about-us\\\/#primaryimage\"},\"image\":{\"@id\":\"https:\\\/\\\/groupehoude.com\\\/en\\\/about-us\\\/#primaryimage\"},\"thumbnailUrl\":\"https:\\\/\\\/groupehoude.com\\\/wp-content\\\/uploads\\\/2024\\\/07\\\/a-propos-photo.jpg\",\"datePublished\":\"2023-12-04T23:16:29+00:00\",\"dateModified\":\"2025-01-16T08:12:06+00:00\",\"description\":\"Fort de plus de 35 ans d\u2019exp\u00e9rience dans la construction de maisons d\u00e9tach\u00e9es, en rang\u00e9e, condos et maisons de ville dans le grand Montr\u00e9al.\",\"breadcrumb\":{\"@id\":\"https:\\\/\\\/groupehoude.com\\\/en\\\/about-us\\\/#breadcrumb\"},\"inLanguage\":\"en-US\",\"potentialAction\":[{\"@type\":\"ReadAction\",\"target\":[\"https:\\\/\\\/groupehoude.com\\\/en\\\/about-us\\\/\"]}]},{\"@type\":\"ImageObject\",\"inLanguage\":\"en-US\",\"@id\":\"https:\\\/\\\/groupehoude.com\\\/en\\\/about-us\\\/#primaryimage\",\"url\":\"https:\\\/\\\/groupehoude.com\\\/wp-content\\\/uploads\\\/2024\\\/07\\\/a-propos-photo.jpg\",\"contentUrl\":\"https:\\\/\\\/groupehoude.com\\\/wp-content\\\/uploads\\\/2024\\\/07\\\/a-propos-photo.jpg\"},{\"@type\":\"BreadcrumbList\",\"@id\":\"https:\\\/\\\/groupehoude.com\\\/en\\\/about-us\\\/#breadcrumb\",\"itemListElement\":[{\"@type\":\"ListItem\",\"position\":1,\"name\":\"Home\",\"item\":\"https:\\\/\\\/groupehoude.com\\\/en\\\/\"},{\"@type\":\"ListItem\",\"position\":2,\"name\":\"About us\"}]},{\"@type\":\"WebSite\",\"@id\":\"https:\\\/\\\/groupehoude.com\\\/en\\\/#website\",\"url\":\"https:\\\/\\\/groupehoude.com\\\/en\\\/\",\"name\":\"Groupe Houde\",\"description\":\"\",\"publisher\":{\"@id\":\"https:\\\/\\\/groupehoude.com\\\/en\\\/#organization\"},\"potentialAction\":[{\"@type\":\"SearchAction\",\"target\":{\"@type\":\"EntryPoint\",\"urlTemplate\":\"https:\\\/\\\/groupehoude.com\\\/en\\\/?s={search_term_string}\"},\"query-input\":{\"@type\":\"PropertyValueSpecification\",\"valueRequired\":true,\"valueName\":\"search_term_string\"}}],\"inLanguage\":\"en-US\"},{\"@type\":\"Organization\",\"@id\":\"https:\\\/\\\/groupehoude.com\\\/en\\\/#organization\",\"name\":\"Groupe Houde\",\"url\":\"https:\\\/\\\/groupehoude.com\\\/en\\\/\",\"logo\":{\"@type\":\"ImageObject\",\"inLanguage\":\"en-US\",\"@id\":\"https:\\\/\\\/groupehoude.com\\\/en\\\/#\\\/schema\\\/logo\\\/image\\\/\",\"url\":\"https:\\\/\\\/groupehoude.com\\\/wp-content\\\/uploads\\\/2023\\\/12\\\/groupehoude-logo.png\",\"contentUrl\":\"https:\\\/\\\/groupehoude.com\\\/wp-content\\\/uploads\\\/2023\\\/12\\\/groupehoude-logo.png\",\"width\":711,\"height\":86,\"caption\":\"Groupe Houde\"},\"image\":{\"@id\":\"https:\\\/\\\/groupehoude.com\\\/en\\\/#\\\/schema\\\/logo\\\/image\\\/\"}}]}<\/script>\n<!-- \/ Yoast SEO Premium plugin. -->","yoast_head_json":{"title":"About Groupe Houde - Home Construction in Greater Montreal - Groupe Houde","description":"Fort de plus de 35 ans d\u2019exp\u00e9rience dans la construction de maisons d\u00e9tach\u00e9es, en rang\u00e9e, condos et maisons de ville dans le grand Montr\u00e9al.","robots":{"index":"index","follow":"follow","max-snippet":"max-snippet:-1","max-image-preview":"max-image-preview:large","max-video-preview":"max-video-preview:-1"},"canonical":"https:\/\/groupehoude.com\/en\/about-us\/","og_locale":"en_US","og_type":"article","og_title":"About us","og_description":"Fort de plus de 35 ans d\u2019exp\u00e9rience dans la construction de maisons d\u00e9tach\u00e9es, en rang\u00e9e, condos et maisons de ville dans le grand Montr\u00e9al.","og_url":"https:\/\/groupehoude.com\/en\/about-us\/","og_site_name":"Groupe Houde","article_modified_time":"2025-01-16T08:12:06+00:00","og_image":[{"url":"https:\/\/groupehoude.com\/wp-content\/uploads\/2024\/07\/a-propos-photo.jpg","type":"","width":"","height":""}],"twitter_card":"summary_large_image","twitter_misc":{"Est. reading time":"2 minutes"},"schema":{"@context":"https:\/\/schema.org","@graph":[{"@type":"WebPage","@id":"https:\/\/groupehoude.com\/en\/about-us\/","url":"https:\/\/groupehoude.com\/en\/about-us\/","name":"About Groupe Houde - Home Construction in Greater Montreal - Groupe Houde","isPartOf":{"@id":"https:\/\/groupehoude.com\/en\/#website"},"primaryImageOfPage":{"@id":"https:\/\/groupehoude.com\/en\/about-us\/#primaryimage"},"image":{"@id":"https:\/\/groupehoude.com\/en\/about-us\/#primaryimage"},"thumbnailUrl":"https:\/\/groupehoude.com\/wp-content\/uploads\/2024\/07\/a-propos-photo.jpg","datePublished":"2023-12-04T23:16:29+00:00","dateModified":"2025-01-16T08:12:06+00:00","description":"Fort de plus de 35 ans d\u2019exp\u00e9rience dans la construction de maisons d\u00e9tach\u00e9es, en rang\u00e9e, condos et maisons de ville dans le grand Montr\u00e9al.","breadcrumb":{"@id":"https:\/\/groupehoude.com\/en\/about-us\/#breadcrumb"},"inLanguage":"en-US","potentialAction":[{"@type":"ReadAction","target":["https:\/\/groupehoude.com\/en\/about-us\/"]}]},{"@type":"ImageObject","inLanguage":"en-US","@id":"https:\/\/groupehoude.com\/en\/about-us\/#primaryimage","url":"https:\/\/groupehoude.com\/wp-content\/uploads\/2024\/07\/a-propos-photo.jpg","contentUrl":"https:\/\/groupehoude.com\/wp-content\/uploads\/2024\/07\/a-propos-photo.jpg"},{"@type":"BreadcrumbList","@id":"https:\/\/groupehoude.com\/en\/about-us\/#breadcrumb","itemListElement":[{"@type":"ListItem","position":1,"name":"Home","item":"https:\/\/groupehoude.com\/en\/"},{"@type":"ListItem","position":2,"name":"About us"}]},{"@type":"WebSite","@id":"https:\/\/groupehoude.com\/en\/#website","url":"https:\/\/groupehoude.com\/en\/","name":"Groupe Houde","description":"","publisher":{"@id":"https:\/\/groupehoude.com\/en\/#organization"},"potentialAction":[{"@type":"SearchAction","target":{"@type":"EntryPoint","urlTemplate":"https:\/\/groupehoude.com\/en\/?s={search_term_string}"},"query-input":{"@type":"PropertyValueSpecification","valueRequired":true,"valueName":"search_term_string"}}],"inLanguage":"en-US"},{"@type":"Organization","@id":"https:\/\/groupehoude.com\/en\/#organization","name":"Groupe Houde","url":"https:\/\/groupehoude.com\/en\/","logo":{"@type":"ImageObject","inLanguage":"en-US","@id":"https:\/\/groupehoude.com\/en\/#\/schema\/logo\/image\/","url":"https:\/\/groupehoude.com\/wp-content\/uploads\/2023\/12\/groupehoude-logo.png","contentUrl":"https:\/\/groupehoude.com\/wp-content\/uploads\/2023\/12\/groupehoude-logo.png","width":711,"height":86,"caption":"Groupe Houde"},"image":{"@id":"https:\/\/groupehoude.com\/en\/#\/schema\/logo\/image\/"}}]}},"_links":{"self":[{"href":"https:\/\/groupehoude.com\/en\/wp-json\/wp\/v2\/pages\/3385","targetHints":{"allow":["GET"]}}],"collection":[{"href":"https:\/\/groupehoude.com\/en\/wp-json\/wp\/v2\/pages"}],"about":[{"href":"https:\/\/groupehoude.com\/en\/wp-json\/wp\/v2\/types\/page"}],"author":[{"embeddable":true,"href":"https:\/\/groupehoude.com\/en\/wp-json\/wp\/v2\/users\/2"}],"replies":[{"embeddable":true,"href":"https:\/\/groupehoude.com\/en\/wp-json\/wp\/v2\/comments?post=3385"}],"version-history":[{"count":29,"href":"https:\/\/groupehoude.com\/en\/wp-json\/wp\/v2\/pages\/3385\/revisions"}],"predecessor-version":[{"id":4495,"href":"https:\/\/groupehoude.com\/en\/wp-json\/wp\/v2\/pages\/3385\/revisions\/4495"}],"wp:attachment":[{"href":"https:\/\/groupehoude.com\/en\/wp-json\/wp\/v2\/media?parent=3385"}],"curies":[{"name":"wp","href":"https:\/\/api.w.org\/{rel}","templated":true}]}}